{"id":5379,"date":"2022-06-15T14:06:34","date_gmt":"2022-06-15T12:06:34","guid":{"rendered":"https:\/\/www.degoudenkarperhummelo.nl\/einen-tisch-reservieren\/"},"modified":"2024-02-01T10:25:25","modified_gmt":"2024-02-01T09:25:25","slug":"einen-tisch-reservieren","status":"publish","type":"page","link":"https:\/\/degoudenkarperhummelo.nl\/de\/einen-tisch-reservieren\/","title":{"rendered":"Einen tisch reservieren"},"content":{"rendered":"<p><div class=\"fusion-fullwidth fullwidth-box fusion-builder-row-1 fusion-flex-container has-pattern-background has-mask-background nonhundred-percent-fullwidth non-hundred-percent-height-scrolling\" style=\"--awb-border-radius-top-left:0px;--awb-border-radius-top-right:0px;--awb-border-radius-bottom-right:0px;--awb-border-radius-bottom-left:0px;--awb-padding-top:0%;--awb-padding-top-small:0px;--awb-padding-right-small:0px;--awb-padding-bottom-small:0px;--awb-padding-left-small:0px;--awb-margin-top:100px;--awb-margin-top-small:0px;--awb-margin-bottom-small:0px;--awb-flex-wrap:wrap;\" ><div class=\"fusion-builder-row fusion-row fusion-flex-align-items-stretch fusion-flex-content-wrap\" style=\"max-width:calc( 1375px + 0px );margin-left: calc(-0px \/ 2 );margin-right: calc(-0px \/ 2 );\"><div class=\"fusion-layout-column fusion_builder_column fusion-builder-column-0 fusion_builder_column_1_1 1_1 fusion-flex-column fusion-column-inner-bg-wrapper fusion-column-hover-type-liftup fusion-column-liftup-border fusion-animated\" style=\"--awb-padding-top:4%;--awb-padding-right:15%;--awb-padding-bottom:4%;--awb-padding-left:15%;--awb-padding-top-small:50px;--awb-padding-right-small:30px;--awb-padding-bottom-small:50px;--awb-padding-left-small:30px;--awb-inner-bg-color:var(--awb-color4);--awb-inner-bg-color-hover:var(--awb-color4);--awb-inner-bg-position:center top;--awb-inner-bg-size:cover;--awb-width-large:100%;--awb-margin-top-large:0px;--awb-spacing-right-large:0px;--awb-margin-bottom-large:0px;--awb-spacing-left-large:0px;--awb-width-medium:100%;--awb-order-medium:0;--awb-spacing-right-medium:0px;--awb-spacing-left-medium:0px;--awb-width-small:100%;--awb-order-small:0;--awb-margin-top-small:0;--awb-spacing-right-small:0px;--awb-margin-bottom-small:0;--awb-spacing-left-small:0px;\" data-animationType=\"fadeIn\" data-animationDuration=\"0.6\" data-animationOffset=\"top-into-view\" data-scroll-devices=\"small-visibility,medium-visibility,large-visibility\"><span class=\"fusion-column-inner-bg hover-type-liftup\"><span class=\"fusion-column-anchor\"><span class=\"fusion-column-inner-bg-image\"><\/span><\/span><\/span><div class=\"fusion-column-wrapper fusion-flex-justify-content-flex-start fusion-content-layout-column\"><div class=\"fusion-title title fusion-title-1 fusion-sep-none fusion-title-center fusion-title-text fusion-title-size-three\" style=\"--awb-text-color:var(--awb-color1);--awb-margin-bottom:1%;--awb-font-size:50px;\"><h3 class=\"fusion-title-heading title-heading-center fusion-responsive-typography-calculated\" style=\"font-family:&quot;Nillota&quot;;font-style:normal;font-weight:400;margin:0;font-size:1em;--fontSize:50;line-height:var(--awb-typography1-line-height);\">Einen tisch reservieren<\/h3><\/div><div class=\"fusion-text fusion-text-1\" style=\"--awb-content-alignment:center;--awb-text-transform:none;--awb-text-color:var(--awb-color1);\"><p>Reservieren Sie hier Ihren Tisch f\u00fcr das Restaurant de Gouden Karper<\/p>\n<\/div><\/div><\/div><\/div><\/div><div class=\"fusion-fullwidth fullwidth-box fusion-builder-row-2 fusion-flex-container has-pattern-background has-mask-background nonhundred-percent-fullwidth non-hundred-percent-height-scrolling\" style=\"--awb-border-radius-top-left:0px;--awb-border-radius-top-right:0px;--awb-border-radius-bottom-right:0px;--awb-border-radius-bottom-left:0px;--awb-padding-top-small:0px;--awb-padding-right-small:0px;--awb-padding-bottom-small:0px;--awb-padding-left-small:0px;--awb-margin-top:-150px;--awb-margin-top-medium:0px;--awb-margin-top-small:0px;--awb-flex-wrap:wrap;\" ><div class=\"fusion-builder-row fusion-row fusion-flex-align-items-center fusion-flex-justify-content-center fusion-flex-content-wrap\" style=\"max-width:1430px;margin-left: calc(-4% \/ 2 );margin-right: calc(-4% \/ 2 );\"><div class=\"fusion-layout-column fusion_builder_column fusion-builder-column-1 fusion_builder_column_1_2 1_2 fusion-flex-column\" style=\"--awb-padding-top-small:50px;--awb-padding-right-small:0px;--awb-padding-bottom-small:50px;--awb-padding-left-small:0px;--awb-bg-size:cover;--awb-width-large:50%;--awb-margin-top-large:0px;--awb-spacing-right-large:3.84%;--awb-margin-bottom-large:8%;--awb-spacing-left-large:3.84%;--awb-width-medium:100%;--awb-order-medium:0;--awb-spacing-right-medium:1.92%;--awb-spacing-left-medium:1.92%;--awb-width-small:100%;--awb-order-small:0;--awb-spacing-right-small:1.92%;--awb-spacing-left-small:1.92%;\" data-scroll-devices=\"small-visibility,medium-visibility,large-visibility\"><div class=\"fusion-column-wrapper fusion-column-has-shadow fusion-flex-justify-content-flex-start fusion-content-layout-column\"><div class=\"fusion-text fusion-text-2\" style=\"--awb-text-transform:none;\"><p><iframe src=\"https:\/\/reserveereenvoudig.nl\/tafelreservering?Company=6192e553e2b843b983d35a3b0ed6b4d4\" width=\"375\" height=\"550\" frameborder=\"0\" scrolling=\"no\"><\/iframe><\/p>\n<\/div><\/div><\/div><div class=\"fusion-layout-column fusion_builder_column fusion-builder-column-2 fusion_builder_column_1_2 1_2 fusion-flex-column\" style=\"--awb-bg-size:cover;--awb-width-large:50%;--awb-margin-top-large:0px;--awb-spacing-right-large:3.84%;--awb-margin-bottom-large:0px;--awb-spacing-left-large:3.84%;--awb-width-medium:100%;--awb-order-medium:0;--awb-spacing-right-medium:1.92%;--awb-spacing-left-medium:1.92%;--awb-width-small:100%;--awb-order-small:0;--awb-spacing-right-small:1.92%;--awb-spacing-left-small:1.92%;\" data-scroll-devices=\"small-visibility,medium-visibility,large-visibility\"><div class=\"fusion-column-wrapper fusion-column-has-shadow fusion-flex-justify-content-flex-start fusion-content-layout-column\"><div class=\"fusion-image-element \" style=\"--awb-caption-title-font-family:var(--h2_typography-font-family);--awb-caption-title-font-weight:var(--h2_typography-font-weight);--awb-caption-title-font-style:var(--h2_typography-font-style);--awb-caption-title-size:var(--h2_typography-font-size);--awb-caption-title-transform:var(--h2_typography-text-transform);--awb-caption-title-line-height:var(--h2_typography-line-height);--awb-caption-title-letter-spacing:var(--h2_typography-letter-spacing);\"><span class=\" fusion-imageframe imageframe-none imageframe-1 hover-type-none\"><img decoding=\"async\" width=\"1129\" height=\"1677\" alt=\"Egbert - De Gouden Karper\" title=\"Egbert\" src=\"https:\/\/degoudenkarperhummelo.nl\/wp-content\/uploads\/2023\/04\/Egbert-Gouden-Karper.jpg\" class=\"img-responsive wp-image-5274\" srcset=\"https:\/\/degoudenkarperhummelo.nl\/wp-content\/uploads\/2023\/04\/Egbert-Gouden-Karper-200x297.jpg 200w, https:\/\/degoudenkarperhummelo.nl\/wp-content\/uploads\/2023\/04\/Egbert-Gouden-Karper-400x594.jpg 400w, https:\/\/degoudenkarperhummelo.nl\/wp-content\/uploads\/2023\/04\/Egbert-Gouden-Karper-600x891.jpg 600w, https:\/\/degoudenkarperhummelo.nl\/wp-content\/uploads\/2023\/04\/Egbert-Gouden-Karper-800x1188.jpg 800w, https:\/\/degoudenkarperhummelo.nl\/wp-content\/uploads\/2023\/04\/Egbert-Gouden-Karper.jpg 1129w\" sizes=\"(max-width: 1024px) 100vw, (max-width: 640px) 100vw, 800px\" \/><\/span><\/div><\/div><\/div><\/div><\/div><\/p>\n","protected":false},"excerpt":{"rendered":"","protected":false},"author":1,"featured_media":5072,"parent":0,"menu_order":0,"comment_status":"closed","ping_status":"closed","template":"100-width.php","meta":{"footnotes":""},"class_list":["post-5379","page","type-page","status-publish","has-post-thumbnail","hentry"],"yoast_head":"<!-- This site is optimized with the Yoast SEO plugin v27.4 - https:\/\/yoast.com\/product\/yoast-seo-wordpress\/ -->\n<title>Einen tisch reservieren - De Gouden Karper<\/title>\n<meta name=\"description\" content=\"M\u00f6chten Sie einen Tisch im Restaurant von De Gouden Karper reservieren? W\u00e4hlen Sie ein Datum, eine Uhrzeit und die Anzahl der Personen aus. Wir best\u00e4tigen Ihren Tisch.\" \/>\n<meta name=\"robots\" content=\"index, follow, max-snippet:-1, max-image-preview:large, max-video-preview:-1\" \/>\n<link rel=\"canonical\" href=\"https:\/\/degoudenkarperhummelo.nl\/tafel-reserveren\/\" \/>\n<meta property=\"og:locale\" content=\"de_DE\" \/>\n<meta property=\"og:type\" content=\"article\" \/>\n<meta property=\"og:title\" content=\"Einen tisch reservieren - De Gouden Karper\" \/>\n<meta property=\"og:description\" content=\"M\u00f6chten Sie einen Tisch im Restaurant von De Gouden Karper reservieren? W\u00e4hlen Sie ein Datum, eine Uhrzeit und die Anzahl der Personen aus. Wir best\u00e4tigen Ihren Tisch.\" \/>\n<meta property=\"og:url\" content=\"https:\/\/degoudenkarperhummelo.nl\/tafel-reserveren\/\" \/>\n<meta property=\"og:site_name\" content=\"De Gouden Karper\" \/>\n<meta property=\"article:modified_time\" content=\"2024-02-01T09:25:25+00:00\" \/>\n<meta property=\"og:image\" content=\"https:\/\/degoudenkarperhummelo.nl\/wp-content\/uploads\/2022\/06\/headers-extra-edwinvandegraaf-fotografie-6.jpg\" \/>\n\t<meta property=\"og:image:width\" content=\"1200\" \/>\n\t<meta property=\"og:image:height\" content=\"300\" \/>\n\t<meta property=\"og:image:type\" content=\"image\/jpeg\" \/>\n<meta name=\"twitter:card\" content=\"summary_large_image\" \/>\n<meta name=\"twitter:label1\" content=\"Gesch\u00e4tzte Lesezeit\" \/>\n\t<meta name=\"twitter:data1\" content=\"1\u00a0Minute\" \/>\n<script type=\"application\/ld+json\" class=\"yoast-schema-graph\">{\"@context\":\"https:\\\/\\\/schema.org\",\"@graph\":[{\"@type\":\"WebPage\",\"@id\":\"https:\\\/\\\/degoudenkarperhummelo.nl\\\/tafel-reserveren\\\/\",\"url\":\"https:\\\/\\\/degoudenkarperhummelo.nl\\\/tafel-reserveren\\\/\",\"name\":\"Einen tisch reservieren - De Gouden Karper\",\"isPartOf\":{\"@id\":\"https:\\\/\\\/degoudenkarperhummelo.nl\\\/#website\"},\"primaryImageOfPage\":{\"@id\":\"https:\\\/\\\/degoudenkarperhummelo.nl\\\/tafel-reserveren\\\/#primaryimage\"},\"image\":{\"@id\":\"https:\\\/\\\/degoudenkarperhummelo.nl\\\/tafel-reserveren\\\/#primaryimage\"},\"thumbnailUrl\":\"https:\\\/\\\/degoudenkarperhummelo.nl\\\/wp-content\\\/uploads\\\/2022\\\/06\\\/headers-extra-edwinvandegraaf-fotografie-6.jpg\",\"datePublished\":\"2022-06-15T12:06:34+00:00\",\"dateModified\":\"2024-02-01T09:25:25+00:00\",\"description\":\"M\u00f6chten Sie einen Tisch im Restaurant von De Gouden Karper reservieren? W\u00e4hlen Sie ein Datum, eine Uhrzeit und die Anzahl der Personen aus. Wir best\u00e4tigen Ihren Tisch.\",\"breadcrumb\":{\"@id\":\"https:\\\/\\\/degoudenkarperhummelo.nl\\\/tafel-reserveren\\\/#breadcrumb\"},\"inLanguage\":\"de\",\"potentialAction\":[{\"@type\":\"ReadAction\",\"target\":[\"https:\\\/\\\/degoudenkarperhummelo.nl\\\/tafel-reserveren\\\/\"]}]},{\"@type\":\"ImageObject\",\"inLanguage\":\"de\",\"@id\":\"https:\\\/\\\/degoudenkarperhummelo.nl\\\/tafel-reserveren\\\/#primaryimage\",\"url\":\"https:\\\/\\\/degoudenkarperhummelo.nl\\\/wp-content\\\/uploads\\\/2022\\\/06\\\/headers-extra-edwinvandegraaf-fotografie-6.jpg\",\"contentUrl\":\"https:\\\/\\\/degoudenkarperhummelo.nl\\\/wp-content\\\/uploads\\\/2022\\\/06\\\/headers-extra-edwinvandegraaf-fotografie-6.jpg\",\"width\":1200,\"height\":300,\"caption\":\"Caf\u00e9 bij De Gouden Karper\"},{\"@type\":\"BreadcrumbList\",\"@id\":\"https:\\\/\\\/degoudenkarperhummelo.nl\\\/tafel-reserveren\\\/#breadcrumb\",\"itemListElement\":[{\"@type\":\"ListItem\",\"position\":1,\"name\":\"Home\",\"item\":\"https:\\\/\\\/degoudenkarperhummelo.nl\\\/\"},{\"@type\":\"ListItem\",\"position\":2,\"name\":\"Einen tisch reservieren\"}]},{\"@type\":\"WebSite\",\"@id\":\"https:\\\/\\\/degoudenkarperhummelo.nl\\\/#website\",\"url\":\"https:\\\/\\\/degoudenkarperhummelo.nl\\\/\",\"name\":\"De Gouden Karper\",\"description\":\"Getr\u00e4nke, Dinner und \u00dcbernachtung\",\"potentialAction\":[{\"@type\":\"SearchAction\",\"target\":{\"@type\":\"EntryPoint\",\"urlTemplate\":\"https:\\\/\\\/degoudenkarperhummelo.nl\\\/?s={search_term_string}\"},\"query-input\":{\"@type\":\"PropertyValueSpecification\",\"valueRequired\":true,\"valueName\":\"search_term_string\"}}],\"inLanguage\":\"de\"}]}<\/script>\n<!-- \/ Yoast SEO plugin. -->","yoast_head_json":{"title":"Einen tisch reservieren - De Gouden Karper","description":"M\u00f6chten Sie einen Tisch im Restaurant von De Gouden Karper reservieren? W\u00e4hlen Sie ein Datum, eine Uhrzeit und die Anzahl der Personen aus. Wir best\u00e4tigen Ihren Tisch.","robots":{"index":"index","follow":"follow","max-snippet":"max-snippet:-1","max-image-preview":"max-image-preview:large","max-video-preview":"max-video-preview:-1"},"canonical":"https:\/\/degoudenkarperhummelo.nl\/tafel-reserveren\/","og_locale":"de_DE","og_type":"article","og_title":"Einen tisch reservieren - De Gouden Karper","og_description":"M\u00f6chten Sie einen Tisch im Restaurant von De Gouden Karper reservieren? W\u00e4hlen Sie ein Datum, eine Uhrzeit und die Anzahl der Personen aus. Wir best\u00e4tigen Ihren Tisch.","og_url":"https:\/\/degoudenkarperhummelo.nl\/tafel-reserveren\/","og_site_name":"De Gouden Karper","article_modified_time":"2024-02-01T09:25:25+00:00","og_image":[{"width":1200,"height":300,"url":"https:\/\/degoudenkarperhummelo.nl\/wp-content\/uploads\/2022\/06\/headers-extra-edwinvandegraaf-fotografie-6.jpg","type":"image\/jpeg"}],"twitter_card":"summary_large_image","twitter_misc":{"Gesch\u00e4tzte Lesezeit":"1\u00a0Minute"},"schema":{"@context":"https:\/\/schema.org","@graph":[{"@type":"WebPage","@id":"https:\/\/degoudenkarperhummelo.nl\/tafel-reserveren\/","url":"https:\/\/degoudenkarperhummelo.nl\/tafel-reserveren\/","name":"Einen tisch reservieren - De Gouden Karper","isPartOf":{"@id":"https:\/\/degoudenkarperhummelo.nl\/#website"},"primaryImageOfPage":{"@id":"https:\/\/degoudenkarperhummelo.nl\/tafel-reserveren\/#primaryimage"},"image":{"@id":"https:\/\/degoudenkarperhummelo.nl\/tafel-reserveren\/#primaryimage"},"thumbnailUrl":"https:\/\/degoudenkarperhummelo.nl\/wp-content\/uploads\/2022\/06\/headers-extra-edwinvandegraaf-fotografie-6.jpg","datePublished":"2022-06-15T12:06:34+00:00","dateModified":"2024-02-01T09:25:25+00:00","description":"M\u00f6chten Sie einen Tisch im Restaurant von De Gouden Karper reservieren? W\u00e4hlen Sie ein Datum, eine Uhrzeit und die Anzahl der Personen aus. Wir best\u00e4tigen Ihren Tisch.","breadcrumb":{"@id":"https:\/\/degoudenkarperhummelo.nl\/tafel-reserveren\/#breadcrumb"},"inLanguage":"de","potentialAction":[{"@type":"ReadAction","target":["https:\/\/degoudenkarperhummelo.nl\/tafel-reserveren\/"]}]},{"@type":"ImageObject","inLanguage":"de","@id":"https:\/\/degoudenkarperhummelo.nl\/tafel-reserveren\/#primaryimage","url":"https:\/\/degoudenkarperhummelo.nl\/wp-content\/uploads\/2022\/06\/headers-extra-edwinvandegraaf-fotografie-6.jpg","contentUrl":"https:\/\/degoudenkarperhummelo.nl\/wp-content\/uploads\/2022\/06\/headers-extra-edwinvandegraaf-fotografie-6.jpg","width":1200,"height":300,"caption":"Caf\u00e9 bij De Gouden Karper"},{"@type":"BreadcrumbList","@id":"https:\/\/degoudenkarperhummelo.nl\/tafel-reserveren\/#breadcrumb","itemListElement":[{"@type":"ListItem","position":1,"name":"Home","item":"https:\/\/degoudenkarperhummelo.nl\/"},{"@type":"ListItem","position":2,"name":"Einen tisch reservieren"}]},{"@type":"WebSite","@id":"https:\/\/degoudenkarperhummelo.nl\/#website","url":"https:\/\/degoudenkarperhummelo.nl\/","name":"De Gouden Karper","description":"Getr\u00e4nke, Dinner und \u00dcbernachtung","potentialAction":[{"@type":"SearchAction","target":{"@type":"EntryPoint","urlTemplate":"https:\/\/degoudenkarperhummelo.nl\/?s={search_term_string}"},"query-input":{"@type":"PropertyValueSpecification","valueRequired":true,"valueName":"search_term_string"}}],"inLanguage":"de"}]}},"_links":{"self":[{"href":"https:\/\/degoudenkarperhummelo.nl\/de\/wp-json\/wp\/v2\/pages\/5379","targetHints":{"allow":["GET"]}}],"collection":[{"href":"https:\/\/degoudenkarperhummelo.nl\/de\/wp-json\/wp\/v2\/pages"}],"about":[{"href":"https:\/\/degoudenkarperhummelo.nl\/de\/wp-json\/wp\/v2\/types\/page"}],"author":[{"embeddable":true,"href":"https:\/\/degoudenkarperhummelo.nl\/de\/wp-json\/wp\/v2\/users\/1"}],"replies":[{"embeddable":true,"href":"https:\/\/degoudenkarperhummelo.nl\/de\/wp-json\/wp\/v2\/comments?post=5379"}],"version-history":[{"count":0,"href":"https:\/\/degoudenkarperhummelo.nl\/de\/wp-json\/wp\/v2\/pages\/5379\/revisions"}],"wp:featuredmedia":[{"embeddable":true,"href":"https:\/\/degoudenkarperhummelo.nl\/de\/wp-json\/wp\/v2\/media\/5072"}],"wp:attachment":[{"href":"https:\/\/degoudenkarperhummelo.nl\/de\/wp-json\/wp\/v2\/media?parent=5379"}],"curies":[{"name":"wp","href":"https:\/\/api.w.org\/{rel}","templated":true}]}}